{"id":279,"date":"2026-03-30T09:32:50","date_gmt":"2026-03-30T07:32:50","guid":{"rendered":"http:\/\/relaunch.folitec.com\/?page_id=279"},"modified":"2026-04-19T18:41:01","modified_gmt":"2026-04-19T16:41:01","slug":"impressum","status":"publish","type":"page","link":"https:\/\/folitec.com\/en\/impressum\/","title":{"rendered":"Legal Notice"},"content":{"rendered":"<div data-elementor-type=\"wp-page\" data-elementor-id=\"279\" class=\"elementor elementor-279\" data-elementor-post-type=\"page\">\n\t\t\t\t<div class=\"elementor-element elementor-element-8d7f7b0 e-flex e-con-boxed e-con e-parent\" data-id=\"8d7f7b0\" data-element_type=\"container\" data-e-type=\"container\">\n\t\t\t\t\t<div class=\"e-con-inner\">\n\t\t\t\t<div class=\"elementor-element elementor-element-06f140d elementor-widget elementor-widget-spacer\" data-id=\"06f140d\" data-element_type=\"widget\" data-e-type=\"widget\" data-widget_type=\"spacer.default\">\n\t\t\t\t\t\t\t<div class=\"elementor-spacer\">\n\t\t\t<div class=\"elementor-spacer-inner\"><\/div>\n\t\t<\/div>\n\t\t\t\t\t\t<\/div>\n\t\t\t\t\t<\/div>\n\t\t\t\t<\/div>\n\t\t<div class=\"elementor-element elementor-element-a7dfd55 e-flex e-con-boxed e-con e-parent\" data-id=\"a7dfd55\" data-element_type=\"container\" data-e-type=\"container\">\n\t\t\t\t\t<div class=\"e-con-inner\">\n\t\t\t\t<div class=\"elementor-element elementor-element-ec40517 elementor-widget elementor-widget-heading\" data-id=\"ec40517\" data-element_type=\"widget\" data-e-type=\"widget\" data-widget_type=\"heading.default\">\n\t\t\t\t\t<h1 class=\"elementor-heading-title elementor-size-default\">Legal Notice<\/h1>\t\t\t\t<\/div>\n\t\t\t\t\t<\/div>\n\t\t\t\t<\/div>\n\t\t<div class=\"elementor-element elementor-element-953208d e-flex e-con-boxed e-con e-parent\" data-id=\"953208d\" data-element_type=\"container\" data-e-type=\"container\">\n\t\t\t\t\t<div class=\"e-con-inner\">\n\t\t\t\t<div class=\"elementor-element elementor-element-1fc24be elementor-widget elementor-widget-spacer\" data-id=\"1fc24be\" data-element_type=\"widget\" data-e-type=\"widget\" data-widget_type=\"spacer.default\">\n\t\t\t\t\t\t\t<div class=\"elementor-spacer\">\n\t\t\t<div class=\"elementor-spacer-inner\"><\/div>\n\t\t<\/div>\n\t\t\t\t\t\t<\/div>\n\t\t\t\t\t<\/div>\n\t\t\t\t<\/div>\n\t\t<div class=\"elementor-element elementor-element-c4ece05 e-flex e-con-boxed e-con e-parent\" data-id=\"c4ece05\" data-element_type=\"container\" data-e-type=\"container\">\n\t\t\t\t\t<div class=\"e-con-inner\">\n\t\t<div class=\"elementor-element elementor-element-903119d e-con-full e-flex e-con e-child\" data-id=\"903119d\" data-element_type=\"container\" data-e-type=\"container\">\n\t\t\t\t<div class=\"elementor-element elementor-element-7d86305 elementor-widget elementor-widget-heading\" data-id=\"7d86305\" data-element_type=\"widget\" data-e-type=\"widget\" data-widget_type=\"heading.default\">\n\t\t\t\t\t<h2 class=\"elementor-heading-title elementor-size-default\">Information pursuant to Section 5 of the German Telemedia Act (TMG):<\/h2>\t\t\t\t<\/div>\n\t\t\t\t<div class=\"elementor-element elementor-element-dc23b34 elementor-widget elementor-widget-text-editor\" data-id=\"dc23b34\" data-element_type=\"widget\" data-e-type=\"widget\" data-widget_type=\"text-editor.default\">\n\t\t\t\t\t\t\t\t\t<p><strong>FOLITEC Mess- und Pr\u00fcfanlagen e.K.<\/strong><\/p><p><strong>Frederic Hausmann<\/strong><br \/>Master of Engineering (M.Eng.)<\/p><p>Am Hahnenweiher 12<br \/>53773 Hennef<\/p><p>Telefon: <a href=\"tel:0049224286527\">+49 (2242) 86527<\/a><br \/>Telefax: +49 (2242) 869928<\/p><p>USt.-IdNr. DE1985 36537<br \/>Amtsgericht Siegburg HRA 3413<\/p><p class=\"translation-block\">E-Mail: <a href=\"mailto:info@folitec.com\" target=\"_self\">info@folitec.com<\/a><\/p>\t\t\t\t\t\t\t\t<\/div>\n\t\t\t\t<\/div>\n\t\t<div class=\"elementor-element elementor-element-8bd097f e-con-full elementor-hidden-tablet elementor-hidden-mobile e-flex e-con e-child\" data-id=\"8bd097f\" data-element_type=\"container\" data-e-type=\"container\">\n\t\t\t\t<\/div>\n\t\t\t\t\t<\/div>\n\t\t\t\t<\/div>\n\t\t<div class=\"elementor-element elementor-element-d1dc328 e-flex e-con-boxed e-con e-parent\" data-id=\"d1dc328\" data-element_type=\"container\" data-e-type=\"container\">\n\t\t\t\t\t<div class=\"e-con-inner\">\n\t\t\t\t<div class=\"elementor-element elementor-element-c5f920e elementor-widget elementor-widget-spacer\" data-id=\"c5f920e\" data-element_type=\"widget\" data-e-type=\"widget\" data-widget_type=\"spacer.default\">\n\t\t\t\t\t\t\t<div class=\"elementor-spacer\">\n\t\t\t<div class=\"elementor-spacer-inner\"><\/div>\n\t\t<\/div>\n\t\t\t\t\t\t<\/div>\n\t\t\t\t\t<\/div>\n\t\t\t\t<\/div>\n\t\t<div class=\"elementor-element elementor-element-c0e34d0 e-flex e-con-boxed e-con e-parent\" data-id=\"c0e34d0\" data-element_type=\"container\" data-e-type=\"container\">\n\t\t\t\t\t<div class=\"e-con-inner\">\n\t\t\t\t<div class=\"elementor-element elementor-element-a78aecf elementor-widget elementor-widget-text-editor\" data-id=\"a78aecf\" data-element_type=\"widget\" data-e-type=\"widget\" data-widget_type=\"text-editor.default\">\n\t\t\t\t\t\t\t\t\t<h3><strong>Dispute Resolution<\/strong><\/h3><p class=\"translation-block\">The European Commission provides an online dispute resolution (ODR) platform: https:\/\/ec.europa.eu\/consumers\/odr.<br>You can find our email address in the legal notice at the top of the page.<br>We are neither willing nor obligated to participate in dispute resolution proceedings before a consumer arbitration board.<\/p><h3>\u00a0<\/h3><h3><strong>Liability for Content<\/strong><\/h3><p>As a service provider, we are responsible for our own content on these pages in accordance with Section 7(1) of the German Telemedia Act (TMG) and general laws. However, pursuant to Sections 8 through 10 of the TMG, we are not obligated as a service provider to monitor third-party information that is transmitted or stored, or to investigate circumstances that indicate illegal activity.<\/p><p>Obligations to remove or block the use of information under general laws remain unaffected by this. However, liability in this regard is only possible from the time we become aware of a specific infringement. Upon becoming aware of any such infringements, we will remove the content immediately.<\/p><h3>\u00a0<\/h3><h3><strong>Liability for Links<\/strong><\/h3><p>Our website contains links to external third-party websites over whose content we have no control. Therefore, we cannot assume any liability for this third-party content. The respective provider or operator of the linked sites is always responsible for their content. The linked sites were reviewed for potential legal violations at the time the links were created. No illegal content was apparent at the time the links were created.<\/p><p>However, it is not reasonable to expect us to continuously monitor the content of linked pages without specific evidence of a violation of the law. If we become aware of any such violations, we will remove the links immediately.<\/p><h3>\u00a0<\/h3><h3><strong>Copyright<\/strong><\/h3><p>The content and works on these pages created by the site operators are subject to German copyright law. The reproduction, adaptation, distribution, and any other use beyond the scope of copyright law require the written consent of the respective author or creator. Downloads and copies of this site are permitted only for private, non-commercial use.<\/p><p>Unless the content on this site was created by the operator, the copyrights of third parties are respected. In particular, third-party content is identified as such. If you nevertheless become aware of any copyright infringement, please notify us. Upon becoming aware of any such infringements, we will remove the content immediately.<\/p>\t\t\t\t\t\t\t\t<\/div>\n\t\t\t\t\t<\/div>\n\t\t\t\t<\/div>\n\t\t<div class=\"elementor-element elementor-element-9ee82f4 e-flex e-con-boxed e-con e-parent\" data-id=\"9ee82f4\" data-element_type=\"container\" data-e-type=\"container\">\n\t\t\t\t\t<div class=\"e-con-inner\">\n\t\t\t\t<div class=\"elementor-element elementor-element-e7ef080 elementor-widget elementor-widget-spacer\" data-id=\"e7ef080\" data-element_type=\"widget\" data-e-type=\"widget\" data-widget_type=\"spacer.default\">\n\t\t\t\t\t\t\t<div class=\"elementor-spacer\">\n\t\t\t<div class=\"elementor-spacer-inner\"><\/div>\n\t\t<\/div>\n\t\t\t\t\t\t<\/div>\n\t\t\t\t\t<\/div>\n\t\t\t\t<\/div>\n\t\t\t\t<\/div>","protected":false},"excerpt":{"rendered":"<p>Impressum Angaben gem\u00e4\u00df \u00a7 5 TMG: FOLITEC Mess- und Pr\u00fcfanlagen e.K. Frederic HausmannMaster of Engineering (M.Eng.) Am Hahnenweiher 1253773 Hennef Telefon: +49 (2242) 86527Telefax: +49 (2242) 869928 USt.-IdNr. DE1985 36537Amtsgericht Siegburg HRA 3413 E-Mail: info@folitec.com Streitschlichtung Die Europ\u00e4ische Kommission stellt eine Plattform zur Online-Streitbeilegung (OS) bereit: https:\/\/ec.europa.eu\/consumers\/odr.Unsere E-Mail-Adresse finden Sie oben im Impressum.Wir sind nicht [&hellip;]<\/p>\n","protected":false},"author":1,"featured_media":0,"parent":0,"menu_order":0,"comment_status":"closed","ping_status":"closed","template":"","meta":{"footnotes":""},"class_list":["post-279","page","type-page","status-publish","hentry"],"yoast_head":"<!-- This site is optimized with the Yoast SEO plugin v27.4 - https:\/\/yoast.com\/product\/yoast-seo-wordpress\/ -->\n<title>Impressum - FOLITEC<\/title>\n<meta name=\"description\" content=\"Hier finden Sie das Impressum von FOLITEC mit den gesetzlich vorgeschriebenen Angaben und Kontaktdaten des Unternehmens.\" \/>\n<meta name=\"robots\" content=\"index, follow, max-snippet:-1, max-image-preview:large, max-video-preview:-1\" \/>\n<link rel=\"canonical\" href=\"https:\/\/folitec.com\/en\/impressum\/\" \/>\n<meta property=\"og:locale\" content=\"en_US\" \/>\n<meta property=\"og:type\" content=\"article\" \/>\n<meta property=\"og:title\" content=\"Impressum - FOLITEC\" \/>\n<meta property=\"og:description\" content=\"Hier finden Sie das Impressum von FOLITEC mit den gesetzlich vorgeschriebenen Angaben und Kontaktdaten des Unternehmens.\" \/>\n<meta property=\"og:url\" content=\"https:\/\/folitec.com\/en\/impressum\/\" \/>\n<meta property=\"og:site_name\" content=\"FOLITEC\" \/>\n<meta property=\"article:modified_time\" content=\"2026-04-19T16:41:01+00:00\" \/>\n<meta name=\"twitter:card\" content=\"summary_large_image\" \/>\n<meta name=\"twitter:label1\" content=\"Est. reading time\" \/>\n\t<meta name=\"twitter:data1\" content=\"2 minutes\" \/>\n<script type=\"application\/ld+json\" class=\"yoast-schema-graph\">{\"@context\":\"https:\\\/\\\/schema.org\",\"@graph\":[{\"@type\":\"WebPage\",\"@id\":\"https:\\\/\\\/folitec.com\\\/impressum\\\/\",\"url\":\"https:\\\/\\\/folitec.com\\\/impressum\\\/\",\"name\":\"Impressum - FOLITEC\",\"isPartOf\":{\"@id\":\"https:\\\/\\\/folitec.com\\\/#website\"},\"datePublished\":\"2026-03-30T07:32:50+00:00\",\"dateModified\":\"2026-04-19T16:41:01+00:00\",\"description\":\"Hier finden Sie das Impressum von FOLITEC mit den gesetzlich vorgeschriebenen Angaben und Kontaktdaten des Unternehmens.\",\"breadcrumb\":{\"@id\":\"https:\\\/\\\/folitec.com\\\/impressum\\\/#breadcrumb\"},\"inLanguage\":\"en-US\",\"potentialAction\":[{\"@type\":\"ReadAction\",\"target\":[\"https:\\\/\\\/folitec.com\\\/impressum\\\/\"]}]},{\"@type\":\"BreadcrumbList\",\"@id\":\"https:\\\/\\\/folitec.com\\\/impressum\\\/#breadcrumb\",\"itemListElement\":[{\"@type\":\"ListItem\",\"position\":1,\"name\":\"Start\",\"item\":\"https:\\\/\\\/folitec.com\\\/\"},{\"@type\":\"ListItem\",\"position\":2,\"name\":\"Impressum\"}]},{\"@type\":\"WebSite\",\"@id\":\"https:\\\/\\\/folitec.com\\\/#website\",\"url\":\"https:\\\/\\\/folitec.com\\\/\",\"name\":\"FOLITEC\",\"description\":\"Dickenmessanlagen &amp; Pr\u00e4zisions-Engineering f\u00fcr Mess- und Pr\u00fcfanlagen\",\"publisher\":{\"@id\":\"https:\\\/\\\/folitec.com\\\/#organization\"},\"potentialAction\":[{\"@type\":\"SearchAction\",\"target\":{\"@type\":\"EntryPoint\",\"urlTemplate\":\"https:\\\/\\\/folitec.com\\\/?s={search_term_string}\"},\"query-input\":{\"@type\":\"PropertyValueSpecification\",\"valueRequired\":true,\"valueName\":\"search_term_string\"}}],\"inLanguage\":\"en-US\"},{\"@type\":\"Organization\",\"@id\":\"https:\\\/\\\/folitec.com\\\/#organization\",\"name\":\"FOLITEC Mess- und Pr\u00fcfanlagen e.K.\",\"url\":\"https:\\\/\\\/folitec.com\\\/\",\"logo\":{\"@type\":\"ImageObject\",\"inLanguage\":\"en-US\",\"@id\":\"https:\\\/\\\/folitec.com\\\/#\\\/schema\\\/logo\\\/image\\\/\",\"url\":\"https:\\\/\\\/folitec.com\\\/wp-content\\\/uploads\\\/2026\\\/04\\\/folitec-logo-main.png\",\"contentUrl\":\"https:\\\/\\\/folitec.com\\\/wp-content\\\/uploads\\\/2026\\\/04\\\/folitec-logo-main.png\",\"width\":280,\"height\":150,\"caption\":\"FOLITEC Mess- und Pr\u00fcfanlagen e.K.\"},\"image\":{\"@id\":\"https:\\\/\\\/folitec.com\\\/#\\\/schema\\\/logo\\\/image\\\/\"}}]}<\/script>\n<!-- \/ Yoast SEO plugin. -->","yoast_head_json":{"title":"Impressum - FOLITEC","description":"Hier finden Sie das Impressum von FOLITEC mit den gesetzlich vorgeschriebenen Angaben und Kontaktdaten des Unternehmens.","robots":{"index":"index","follow":"follow","max-snippet":"max-snippet:-1","max-image-preview":"max-image-preview:large","max-video-preview":"max-video-preview:-1"},"canonical":"https:\/\/folitec.com\/en\/impressum\/","og_locale":"en_US","og_type":"article","og_title":"Impressum - FOLITEC","og_description":"Hier finden Sie das Impressum von FOLITEC mit den gesetzlich vorgeschriebenen Angaben und Kontaktdaten des Unternehmens.","og_url":"https:\/\/folitec.com\/en\/impressum\/","og_site_name":"FOLITEC","article_modified_time":"2026-04-19T16:41:01+00:00","twitter_card":"summary_large_image","twitter_misc":{"Est. reading time":"2 minutes"},"schema":{"@context":"https:\/\/schema.org","@graph":[{"@type":"WebPage","@id":"https:\/\/folitec.com\/impressum\/","url":"https:\/\/folitec.com\/impressum\/","name":"Impressum - FOLITEC","isPartOf":{"@id":"https:\/\/folitec.com\/#website"},"datePublished":"2026-03-30T07:32:50+00:00","dateModified":"2026-04-19T16:41:01+00:00","description":"Hier finden Sie das Impressum von FOLITEC mit den gesetzlich vorgeschriebenen Angaben und Kontaktdaten des Unternehmens.","breadcrumb":{"@id":"https:\/\/folitec.com\/impressum\/#breadcrumb"},"inLanguage":"en-US","potentialAction":[{"@type":"ReadAction","target":["https:\/\/folitec.com\/impressum\/"]}]},{"@type":"BreadcrumbList","@id":"https:\/\/folitec.com\/impressum\/#breadcrumb","itemListElement":[{"@type":"ListItem","position":1,"name":"Start","item":"https:\/\/folitec.com\/"},{"@type":"ListItem","position":2,"name":"Impressum"}]},{"@type":"WebSite","@id":"https:\/\/folitec.com\/#website","url":"https:\/\/folitec.com\/","name":"FOLITEC","description":"Dickenmessanlagen &amp; Pr\u00e4zisions-Engineering f\u00fcr Mess- und Pr\u00fcfanlagen","publisher":{"@id":"https:\/\/folitec.com\/#organization"},"potentialAction":[{"@type":"SearchAction","target":{"@type":"EntryPoint","urlTemplate":"https:\/\/folitec.com\/?s={search_term_string}"},"query-input":{"@type":"PropertyValueSpecification","valueRequired":true,"valueName":"search_term_string"}}],"inLanguage":"en-US"},{"@type":"Organization","@id":"https:\/\/folitec.com\/#organization","name":"FOLITEC Mess- und Pr\u00fcfanlagen e.K.","url":"https:\/\/folitec.com\/","logo":{"@type":"ImageObject","inLanguage":"en-US","@id":"https:\/\/folitec.com\/#\/schema\/logo\/image\/","url":"https:\/\/folitec.com\/wp-content\/uploads\/2026\/04\/folitec-logo-main.png","contentUrl":"https:\/\/folitec.com\/wp-content\/uploads\/2026\/04\/folitec-logo-main.png","width":280,"height":150,"caption":"FOLITEC Mess- und Pr\u00fcfanlagen e.K."},"image":{"@id":"https:\/\/folitec.com\/#\/schema\/logo\/image\/"}}]}},"_links":{"self":[{"href":"https:\/\/folitec.com\/en\/wp-json\/wp\/v2\/pages\/279","targetHints":{"allow":["GET"]}}],"collection":[{"href":"https:\/\/folitec.com\/en\/wp-json\/wp\/v2\/pages"}],"about":[{"href":"https:\/\/folitec.com\/en\/wp-json\/wp\/v2\/types\/page"}],"author":[{"embeddable":true,"href":"https:\/\/folitec.com\/en\/wp-json\/wp\/v2\/users\/1"}],"replies":[{"embeddable":true,"href":"https:\/\/folitec.com\/en\/wp-json\/wp\/v2\/comments?post=279"}],"version-history":[{"count":46,"href":"https:\/\/folitec.com\/en\/wp-json\/wp\/v2\/pages\/279\/revisions"}],"predecessor-version":[{"id":1402,"href":"https:\/\/folitec.com\/en\/wp-json\/wp\/v2\/pages\/279\/revisions\/1402"}],"wp:attachment":[{"href":"https:\/\/folitec.com\/en\/wp-json\/wp\/v2\/media?parent=279"}],"curies":[{"name":"wp","href":"https:\/\/api.w.org\/{rel}","templated":true}]}}